{"id":2659,"date":"2025-05-29T21:04:03","date_gmt":"2025-05-29T18:04:03","guid":{"rendered":"https:\/\/serhatyapici.com.tr\/?page_id=2659"},"modified":"2025-06-08T20:44:42","modified_gmt":"2025-06-08T17:44:42","slug":"araclar","status":"publish","type":"page","link":"https:\/\/serhatyapici.com.tr\/en\/araclar\/","title":{"rendered":"Ara\u00e7lar"},"content":{"rendered":"<ul class=\"wp-block-latest-posts__list aligncenter wp-block-latest-posts\"><li><div class=\"wp-block-latest-posts__featured-image alignleft\"><a href=\"https:\/\/serhatyapici.com.tr\/en\/reverse-shell-komut-uretici\/\" aria-label=\"Reverse Shell Komut \u00dcretici\"><img loading=\"lazy\" decoding=\"async\" width=\"300\" height=\"169\" src=\"https:\/\/serhatyapici.com.tr\/yuklemeler\/2025\/06\/reverse-shell-alma-300x169.jpg\" class=\"attachment-medium size-medium wp-post-image\" alt=\"\" style=\"max-width:225px;max-height:225px;\" srcset=\"https:\/\/serhatyapici.com.tr\/yuklemeler\/2025\/06\/reverse-shell-alma-300x169.jpg 300w, https:\/\/serhatyapici.com.tr\/yuklemeler\/2025\/06\/reverse-shell-alma-1024x576.jpg 1024w, https:\/\/serhatyapici.com.tr\/yuklemeler\/2025\/06\/reverse-shell-alma-768x432.jpg 768w, https:\/\/serhatyapici.com.tr\/yuklemeler\/2025\/06\/reverse-shell-alma-1536x864.jpg 1536w, https:\/\/serhatyapici.com.tr\/yuklemeler\/2025\/06\/reverse-shell-alma-18x10.jpg 18w, https:\/\/serhatyapici.com.tr\/yuklemeler\/2025\/06\/reverse-shell-alma.jpg 1935w\" sizes=\"auto, (max-width: 300px) 100vw, 300px\" \/><\/a><\/div><a class=\"wp-block-latest-posts__post-title\" href=\"https:\/\/serhatyapici.com.tr\/en\/reverse-shell-komut-uretici\/\">Reverse Shell Komut \u00dcretici<\/a><div class=\"wp-block-latest-posts__post-excerpt\">Reverse Shell Komut \u00dcretici Dinleyen IP (Attacker) Dinleyen Port Shell T\u00fcr\u00fc BashNetcatPythonPHPPerlPowerShellRuby Komutu \u00dcret\u2026 <a class=\"wp-block-latest-posts__read-more\" href=\"https:\/\/serhatyapici.com.tr\/en\/reverse-shell-komut-uretici\/\" rel=\"noopener noreferrer\">Read more<span class=\"screen-reader-text\">: Reverse Shell Komut \u00dcretici<\/span><\/a><\/div><\/li>\n<li><div class=\"wp-block-latest-posts__featured-image alignleft\"><a href=\"https:\/\/serhatyapici.com.tr\/en\/hydra-parola-kirma-araci\/\" aria-label=\"Hydra Parola K\u0131rma Arac\u0131\"><img loading=\"lazy\" decoding=\"async\" width=\"300\" height=\"169\" src=\"https:\/\/serhatyapici.com.tr\/yuklemeler\/2025\/06\/hydra-parola-kirma-300x169.jpg\" class=\"attachment-medium size-medium wp-post-image\" alt=\"\" style=\"max-width:225px;max-height:225px;\" srcset=\"https:\/\/serhatyapici.com.tr\/yuklemeler\/2025\/06\/hydra-parola-kirma-300x169.jpg 300w, https:\/\/serhatyapici.com.tr\/yuklemeler\/2025\/06\/hydra-parola-kirma-1024x576.jpg 1024w, https:\/\/serhatyapici.com.tr\/yuklemeler\/2025\/06\/hydra-parola-kirma-768x432.jpg 768w, https:\/\/serhatyapici.com.tr\/yuklemeler\/2025\/06\/hydra-parola-kirma-1536x864.jpg 1536w, https:\/\/serhatyapici.com.tr\/yuklemeler\/2025\/06\/hydra-parola-kirma-18x10.jpg 18w, https:\/\/serhatyapici.com.tr\/yuklemeler\/2025\/06\/hydra-parola-kirma.jpg 1935w\" sizes=\"auto, (max-width: 300px) 100vw, 300px\" \/><\/a><\/div><a class=\"wp-block-latest-posts__post-title\" href=\"https:\/\/serhatyapici.com.tr\/en\/hydra-parola-kirma-araci\/\">Hydra Parola K\u0131rma Arac\u0131<\/a><div class=\"wp-block-latest-posts__post-excerpt\">Hydra Komut \u00dcretici Hedef IP\/Domain Port (iste\u011fe ba\u011fl\u0131) Servis T\u00fcr\u00fc SSHFTPHTTP (GET)HTTP (POST)SMTPTelnetRDPVNC Kullan\u0131c\u0131\u2026 <a class=\"wp-block-latest-posts__read-more\" href=\"https:\/\/serhatyapici.com.tr\/en\/hydra-parola-kirma-araci\/\" rel=\"noopener noreferrer\">Read more<span class=\"screen-reader-text\">: Hydra Parola K\u0131rma Arac\u0131<\/span><\/a><\/div><\/li>\n<li><div class=\"wp-block-latest-posts__featured-image alignleft\"><a href=\"https:\/\/serhatyapici.com.tr\/en\/gelismis-sqlmap-kullanimi\/\" aria-label=\"Geli\u015fmi\u015f SQLMap Kullan\u0131m\u0131\"><img loading=\"lazy\" decoding=\"async\" width=\"300\" height=\"169\" src=\"https:\/\/serhatyapici.com.tr\/yuklemeler\/2025\/06\/sqlmap-araci-komut-olusturucu-300x169.jpg\" class=\"attachment-medium size-medium wp-post-image\" alt=\"\" style=\"max-width:225px;max-height:225px;\" srcset=\"https:\/\/serhatyapici.com.tr\/yuklemeler\/2025\/06\/sqlmap-araci-komut-olusturucu-300x169.jpg 300w, https:\/\/serhatyapici.com.tr\/yuklemeler\/2025\/06\/sqlmap-araci-komut-olusturucu-1024x576.jpg 1024w, https:\/\/serhatyapici.com.tr\/yuklemeler\/2025\/06\/sqlmap-araci-komut-olusturucu-768x432.jpg 768w, https:\/\/serhatyapici.com.tr\/yuklemeler\/2025\/06\/sqlmap-araci-komut-olusturucu-1536x864.jpg 1536w, https:\/\/serhatyapici.com.tr\/yuklemeler\/2025\/06\/sqlmap-araci-komut-olusturucu-18x10.jpg 18w, https:\/\/serhatyapici.com.tr\/yuklemeler\/2025\/06\/sqlmap-araci-komut-olusturucu.jpg 1935w\" sizes=\"auto, (max-width: 300px) 100vw, 300px\" \/><\/a><\/div><a class=\"wp-block-latest-posts__post-title\" href=\"https:\/\/serhatyapici.com.tr\/en\/gelismis-sqlmap-kullanimi\/\">Geli\u015fmi\u015f SQLMap Kullan\u0131m\u0131<\/a><div class=\"wp-block-latest-posts__post-excerpt\">SQLMap Komut \u00dcretici Hedef URL HTTP Metodu Se\u00e7inizGETPOST POST Verisi \u00c7erez Seviye (&#8211;level) Risk\u2026 <a class=\"wp-block-latest-posts__read-more\" href=\"https:\/\/serhatyapici.com.tr\/en\/gelismis-sqlmap-kullanimi\/\" rel=\"noopener noreferrer\">Read more<span class=\"screen-reader-text\">: Geli\u015fmi\u015f SQLMap Kullan\u0131m\u0131<\/span><\/a><\/div><\/li>\n<li><div class=\"wp-block-latest-posts__featured-image alignleft\"><a href=\"https:\/\/serhatyapici.com.tr\/en\/crunch-wordlist-olusturma\/\" aria-label=\"Crunch ile Wordlist Olu\u015fturma\"><img loading=\"lazy\" decoding=\"async\" width=\"300\" height=\"169\" src=\"https:\/\/serhatyapici.com.tr\/yuklemeler\/2025\/05\/crunc-araci-300x169.jpg\" class=\"attachment-medium size-medium wp-post-image\" alt=\"\" style=\"max-width:225px;max-height:225px;\" srcset=\"https:\/\/serhatyapici.com.tr\/yuklemeler\/2025\/05\/crunc-araci-300x169.jpg 300w, https:\/\/serhatyapici.com.tr\/yuklemeler\/2025\/05\/crunc-araci-1024x576.jpg 1024w, https:\/\/serhatyapici.com.tr\/yuklemeler\/2025\/05\/crunc-araci-768x432.jpg 768w, https:\/\/serhatyapici.com.tr\/yuklemeler\/2025\/05\/crunc-araci-1536x864.jpg 1536w, https:\/\/serhatyapici.com.tr\/yuklemeler\/2025\/05\/crunc-araci-18x10.jpg 18w, https:\/\/serhatyapici.com.tr\/yuklemeler\/2025\/05\/crunc-araci.jpg 1935w\" sizes=\"auto, (max-width: 300px) 100vw, 300px\" \/><\/a><\/div><a class=\"wp-block-latest-posts__post-title\" href=\"https:\/\/serhatyapici.com.tr\/en\/crunch-wordlist-olusturma\/\">Crunch ile Wordlist Olu\u015fturma<\/a><div class=\"wp-block-latest-posts__post-excerpt\">Crunch Komut \u00dcretici Minimum Uzunluk Maksimum Uzunluk Karakter K\u00fcmesi Desen (-t) \u00c7\u0131kt\u0131 Dosyas\u0131 (-o)\u2026 <a class=\"wp-block-latest-posts__read-more\" href=\"https:\/\/serhatyapici.com.tr\/en\/crunch-wordlist-olusturma\/\" rel=\"noopener noreferrer\">Read more<span class=\"screen-reader-text\">: Crunch ile Wordlist Olu\u015fturma<\/span><\/a><\/div><\/li>\n<\/ul>\n\n\n<p><\/p>","protected":false},"excerpt":{"rendered":"","protected":false},"author":1,"featured_media":0,"parent":0,"menu_order":0,"comment_status":"closed","ping_status":"closed","template":"","meta":{"_sitemap_exclude":false,"_sitemap_priority":"","_sitemap_frequency":"","footnotes":""},"class_list":["post-2659","page","type-page","status-publish","hentry"],"_links":{"self":[{"href":"https:\/\/serhatyapici.com.tr\/en\/wp-json\/wp\/v2\/pages\/2659","targetHints":{"allow":["GET"]}}],"collection":[{"href":"https:\/\/serhatyapici.com.tr\/en\/wp-json\/wp\/v2\/pages"}],"about":[{"href":"https:\/\/serhatyapici.com.tr\/en\/wp-json\/wp\/v2\/types\/page"}],"author":[{"embeddable":true,"href":"https:\/\/serhatyapici.com.tr\/en\/wp-json\/wp\/v2\/users\/1"}],"replies":[{"embeddable":true,"href":"https:\/\/serhatyapici.com.tr\/en\/wp-json\/wp\/v2\/comments?post=2659"}],"version-history":[{"count":27,"href":"https:\/\/serhatyapici.com.tr\/en\/wp-json\/wp\/v2\/pages\/2659\/revisions"}],"predecessor-version":[{"id":2776,"href":"https:\/\/serhatyapici.com.tr\/en\/wp-json\/wp\/v2\/pages\/2659\/revisions\/2776"}],"wp:attachment":[{"href":"https:\/\/serhatyapici.com.tr\/en\/wp-json\/wp\/v2\/media?parent=2659"}],"curies":[{"name":"wp","href":"https:\/\/api.w.org\/{rel}","templated":true}]}}