{"id":2650,"date":"2025-05-29T20:14:18","date_gmt":"2025-05-29T17:14:18","guid":{"rendered":"https:\/\/serhatyapici.com.tr\/?page_id=2650"},"modified":"2025-05-29T20:14:38","modified_gmt":"2025-05-29T17:14:38","slug":"hakkinda","status":"publish","type":"page","link":"https:\/\/serhatyapici.com.tr\/en\/hakkinda\/","title":{"rendered":"Hakk\u0131nda"},"content":{"rendered":"<p>\u00c7ok yak\u0131nda d\u00fczenlenecektir.<\/p>","protected":false},"excerpt":{"rendered":"<p>\u00c7ok yak\u0131nda d\u00fczenlenecektir.<\/p>","protected":false},"author":1,"featured_media":0,"parent":0,"menu_order":0,"comment_status":"closed","ping_status":"closed","template":"","meta":{"_sitemap_exclude":false,"_sitemap_priority":"","_sitemap_frequency":"","footnotes":""},"class_list":["post-2650","page","type-page","status-publish","hentry"],"_links":{"self":[{"href":"https:\/\/serhatyapici.com.tr\/en\/wp-json\/wp\/v2\/pages\/2650","targetHints":{"allow":["GET"]}}],"collection":[{"href":"https:\/\/serhatyapici.com.tr\/en\/wp-json\/wp\/v2\/pages"}],"about":[{"href":"https:\/\/serhatyapici.com.tr\/en\/wp-json\/wp\/v2\/types\/page"}],"author":[{"embeddable":true,"href":"https:\/\/serhatyapici.com.tr\/en\/wp-json\/wp\/v2\/users\/1"}],"replies":[{"embeddable":true,"href":"https:\/\/serhatyapici.com.tr\/en\/wp-json\/wp\/v2\/comments?post=2650"}],"version-history":[{"count":2,"href":"https:\/\/serhatyapici.com.tr\/en\/wp-json\/wp\/v2\/pages\/2650\/revisions"}],"predecessor-version":[{"id":2652,"href":"https:\/\/serhatyapici.com.tr\/en\/wp-json\/wp\/v2\/pages\/2650\/revisions\/2652"}],"wp:attachment":[{"href":"https:\/\/serhatyapici.com.tr\/en\/wp-json\/wp\/v2\/media?parent=2650"}],"curies":[{"name":"wp","href":"https:\/\/api.w.org\/{rel}","templated":true}]}}